{"id":973,"date":"2024-03-01T00:45:05","date_gmt":"2024-03-01T00:45:05","guid":{"rendered":"https:\/\/douyapi.com\/?page_id=973"},"modified":"2024-03-17T01:36:05","modified_gmt":"2024-03-17T01:36:05","slug":"celik-isleri","status":"publish","type":"page","link":"https:\/\/douyapi.com\/index.php\/celik-isleri\/","title":{"rendered":"CELIK ISLERI"},"content":{"rendered":"<p><div class=\"fusion-bg-parallax\" data-bg-align=\"left bottom\" data-direction=\"up\" data-mute=\"false\" data-opacity=\"100\" data-velocity=\"-0.3\" data-mobile-enabled=\"false\" data-break_parents=\"0\" data-bg-image=\"https:\/\/douyapi.com\/wp-content\/uploads\/2015\/02\/home-section4.jpg\" data-bg-repeat=\"false\" ><\/div><div class=\"fusion-fullwidth fullwidth-box fusion-builder-row-1 fusion-flex-container fusion-parallax-up nonhundred-percent-fullwidth non-hundred-percent-height-scrolling lazyload\" style=\"--awb-background-position:left bottom;--awb-border-sizes-top:0px;--awb-border-sizes-bottom:0px;--awb-border-sizes-left:0px;--awb-border-sizes-right:0px;--awb-border-radius-top-left:0px;--awb-border-radius-top-right:0px;--awb-border-radius-bottom-right:0px;--awb-border-radius-bottom-left:0px;--awb-padding-top:130px;--awb-padding-bottom:120px;--awb-background-size:cover;--awb-flex-wrap:wrap;\" data-bg=\"https:\/\/douyapi.com\/wp-content\/uploads\/2015\/02\/home-section4.jpg\" ><div class=\"fusion-builder-row fusion-row fusion-flex-align-items-flex-start fusion-flex-content-wrap\" style=\"max-width:1216.8px;margin-left: calc(-4% \/ 2 );margin-right: calc(-4% \/ 2 );\"><div class=\"fusion-layout-column fusion_builder_column fusion-builder-column-0 fusion_builder_column_1_2 1_2 fusion-flex-column\" style=\"--awb-bg-blend:overlay;--awb-bg-size:cover;--awb-width-large:50%;--awb-margin-top-large:0px;--awb-spacing-right-large:3.84%;--awb-margin-bottom-large:20px;--awb-spacing-left-large:3.84%;--awb-width-medium:100%;--awb-spacing-right-medium:1.92%;--awb-spacing-left-medium:1.92%;--awb-width-small:100%;--awb-spacing-right-small:1.92%;--awb-spacing-left-small:1.92%;\"><div class=\"fusion-column-wrapper fusion-flex-justify-content-flex-start fusion-content-layout-column\"><div class=\"fusion-title title fusion-title-1 fusion-sep-none fusion-title-text fusion-title-size-two\" style=\"--awb-text-color:var(--awb-color1);--awb-margin-top-small:0px;--awb-margin-right-small:0px;--awb-margin-bottom-small:20px;--awb-margin-left-small:0px;\"><h2 class=\"fusion-title-heading title-heading-left fusion-responsive-typography-calculated\" style=\"margin:0;text-transform:capitalize;--fontSize:48;line-height:var(--awb-typography1-line-height);\">\u00c7EL\u0130K \u0130\u015eLER\u0130<\/h2><\/div><div class=\"fusion-text fusion-text-1\" style=\"--awb-text-color:var(--awb-color1);\"><p>\u00c7elik, in\u015faat sekt\u00f6r\u00fcnde g\u00fc\u00e7l\u00fc ve dayan\u0131kl\u0131 yap\u0131lar\u0131n temel malzemesidir. \u00c7elik i\u015fleri, modern yap\u0131lar\u0131n in\u015fas\u0131nda ve end\u00fcstriyel tesislerin olu\u015fturulmas\u0131nda \u00f6nemli bir rol oynar. G\u00fcvenilirlik, dayan\u0131kl\u0131l\u0131k ve esneklik a\u00e7\u0131s\u0131ndan \u00e7elik, bir\u00e7ok end\u00fcstriyel uygulamada tercih edilen bir malzemedir.<\/p>\n<\/div><div class=\"fusion-separator fusion-full-width-sep\" style=\"align-self: center;margin-left: auto;margin-right: auto;margin-top:20px;width:100%;\"><\/div><div ><a class=\"fusion-button button-flat button-xlarge button-default fusion-button-default button-1 fusion-button-default-span fusion-button-default-type\" target=\"_self\" href=\"https:\/\/douyapi.com\/index.php\/contact\/\"><span class=\"fusion-button-text awb-button__text awb-button__text--default\">B\u0130LG\u0130 \u0130\u00c7\u0130N ARAYINIZ.<\/span><\/a><\/div><\/div><\/div><\/div><\/div><div class=\"fusion-fullwidth fullwidth-box fusion-builder-row-2 fusion-flex-container nonhundred-percent-fullwidth non-hundred-percent-height-scrolling\" style=\"--awb-background-position:left top;--awb-border-sizes-top:0px;--awb-border-sizes-bottom:0px;--awb-border-sizes-left:0px;--awb-border-sizes-right:0px;--awb-border-radius-top-left:0px;--awb-border-radius-top-right:0px;--awb-border-radius-bottom-right:0px;--awb-border-radius-bottom-left:0px;--awb-padding-top:130px;--awb-padding-bottom:130px;--awb-flex-wrap:wrap;\" ><div class=\"fusion-builder-row fusion-row fusion-flex-align-items-flex-start fusion-flex-content-wrap\" style=\"max-width:1216.8px;margin-left: calc(-4% \/ 2 );margin-right: calc(-4% \/ 2 );\"><div class=\"fusion-layout-column fusion_builder_column fusion-builder-column-1 fusion_builder_column_2_3 2_3 fusion-flex-column\" style=\"--awb-bg-blend:overlay;--awb-bg-size:cover;--awb-width-large:66.666666666667%;--awb-margin-top-large:0px;--awb-spacing-right-large:3.84%;--awb-margin-bottom-large:20px;--awb-spacing-left-large:2.88%;--awb-width-medium:100%;--awb-spacing-right-medium:1.92%;--awb-spacing-left-medium:1.92%;--awb-width-small:100%;--awb-spacing-right-small:1.92%;--awb-spacing-left-small:1.92%;\"><div class=\"fusion-column-wrapper fusion-flex-justify-content-flex-start fusion-content-layout-column\"><div class=\"fusion-title title fusion-title-2 fusion-sep-none fusion-title-text fusion-title-size-two\" style=\"--awb-margin-bottom:50px;--awb-margin-top-small:0px;--awb-margin-right-small:0px;--awb-margin-bottom-small:20px;--awb-margin-left-small:0px;\"><h2 class=\"fusion-title-heading title-heading-left fusion-responsive-typography-calculated\" style=\"margin:0;text-transform:capitalize;--fontSize:48;line-height:var(--awb-typography1-line-height);\"><strong>G\u00fc\u00e7l\u00fc ve Dayan\u0131kl\u0131 \u00c7\u00f6z\u00fcmler: \u00c7elik \u0130\u015fleri<\/strong><\/h2><\/div><div class=\"fusion-separator\" style=\"align-self: flex-start;margin-right:auto;margin-top:0px;margin-bottom:40px;width:100%;max-width:170px;\"><div class=\"fusion-separator-border sep-single sep-solid\" style=\"--awb-height:20px;--awb-amount:20px;--awb-sep-color:var(--awb-color3);border-color:var(--awb-color3);border-top-width:3px;\"><\/div><\/div><div class=\"fusion-text fusion-text-2\" style=\"--awb-font-size:var(--awb-typography2-font-size);--awb-line-height:var(--awb-typography2-line-height);--awb-letter-spacing:var(--awb-typography2-letter-spacing);--awb-text-transform:var(--awb-typography2-text-transform);--awb-text-font-family:var(--awb-typography2-font-family);--awb-text-font-weight:var(--awb-typography2-font-weight);--awb-text-font-style:var(--awb-typography2-font-style);\"><p>E\u011fer \u00e7elik i\u015fleri konusunda g\u00fcvenilir bir ortak ar\u0131yorsan\u0131z, sizin i\u00e7in do\u011fru adres buras\u0131d\u0131r. Profesyonel \u00e7elik i\u015fleri hizmetleriyle, projelerinizi g\u00fcvenle teslim edebilir ve g\u00fc\u00e7l\u00fc ve dayan\u0131kl\u0131 yap\u0131lar olu\u015fturabilirsiniz.<\/p>\n<p>Bizimle ileti\u015fime ge\u00e7in ve projenizin ihtiya\u00e7lar\u0131na uygun \u00e7elik \u00e7\u00f6z\u00fcmleri hakk\u0131nda daha fazla bilgi al\u0131n.<\/p>\n<\/div><div class=\"fusion-text fusion-text-3\"><p>\u00c7elik, in\u015faat sekt\u00f6r\u00fcnde g\u00fc\u00e7l\u00fc ve dayan\u0131kl\u0131 yap\u0131lar\u0131n temel malzemesidir. \u00c7elik i\u015fleri, modern yap\u0131lar\u0131n in\u015fas\u0131nda ve end\u00fcstriyel tesislerin olu\u015fturulmas\u0131nda \u00f6nemli bir rol oynar. G\u00fcvenilirlik, dayan\u0131kl\u0131l\u0131k ve esneklik a\u00e7\u0131s\u0131ndan \u00e7elik, bir\u00e7ok end\u00fcstriyel uygulamada tercih edilen bir malzemedir.<\/p>\n<p><strong>\u00c7elik \u0130\u015flerin \u00d6nemi<\/strong><\/p>\n<p>\u00c7elik i\u015fleri, bir\u00e7ok farkl\u0131 alanda kullan\u0131labilir. End\u00fcstriyel tesislerin in\u015fas\u0131, k\u00f6pr\u00fclerin yap\u0131m\u0131, altyap\u0131 projeleri ve ticari binalar\u0131n yap\u0131lar\u0131 gibi bir\u00e7ok alanda \u00e7elik i\u015fleri yayg\u0131n olarak kullan\u0131l\u0131r. \u00c7elik, y\u00fcksek mukavemete sahip oldu\u011fu i\u00e7in geni\u015f a\u00e7\u0131kl\u0131klar\u0131 destekleyebilir ve uzun \u00f6m\u00fcrl\u00fcd\u00fcr, bu da yap\u0131lar\u0131n g\u00fcvenli\u011fi ve dayan\u0131kl\u0131l\u0131\u011f\u0131 a\u00e7\u0131s\u0131ndan \u00f6nemlidir.<\/p>\n<p><strong>\u00c7elik \u0130\u015fleri Hizmetleri<\/strong><\/p>\n<p>\u00c7elik i\u015fleri hizmetleri, \u00e7e\u015fitli alanlarda uzmanl\u0131k gerektiren geni\u015f bir yelpazeyi kapsar. \u00c7elik kesme, b\u00fckme, kaynak, montaj ve y\u00fczey i\u015fleme gibi s\u00fcre\u00e7ler, do\u011fru ve g\u00fcvenilir sonu\u00e7lar\u0131n elde edilmesi i\u00e7in titizlikle ger\u00e7ekle\u015ftirilir. Profesyonel \u00e7elik i\u015fleri sa\u011flay\u0131c\u0131lar\u0131, m\u00fc\u015fterilerin ihtiya\u00e7lar\u0131na uygun \u00e7\u00f6z\u00fcmler sunmak i\u00e7in geni\u015f bir tecr\u00fcbeye sahiptir.<\/p>\n<\/div><\/div><\/div><div class=\"fusion-layout-column fusion_builder_column fusion-builder-column-2 fusion_builder_column_1_3 1_3 fusion-flex-column\" style=\"--awb-bg-blend:overlay;--awb-bg-size:cover;--awb-width-large:33.333333333333%;--awb-margin-top-large:0px;--awb-spacing-right-large:5.76%;--awb-margin-bottom-large:20px;--awb-spacing-left-large:3.84%;--awb-width-medium:100%;--awb-spacing-right-medium:1.92%;--awb-spacing-left-medium:1.92%;--awb-width-small:100%;--awb-spacing-right-small:1.92%;--awb-spacing-left-small:1.92%;\"><div class=\"fusion-column-wrapper fusion-flex-justify-content-flex-start fusion-content-layout-column\"><div class=\"fusion-image-element \" style=\"--awb-caption-title-font-family:var(--h2_typography-font-family);--awb-caption-title-font-weight:var(--h2_typography-font-weight);--awb-caption-title-font-style:var(--h2_typography-font-style);--awb-caption-title-size:var(--h2_typography-font-size);--awb-caption-title-transform:var(--h2_typography-text-transform);--awb-caption-title-line-height:var(--h2_typography-line-height);--awb-caption-title-letter-spacing:var(--h2_typography-letter-spacing);\"><span class=\" fusion-imageframe imageframe-none imageframe-1 hover-type-zoomin fusion-animated\" data-animationType=\"fadeInDown\" data-animationDuration=\"1\" data-animationOffset=\"top-into-view\"><a href=\"https:\/\/douyapi.com\/wp-content\/uploads\/2015\/06\/architecture_1.jpg\" class=\"fusion-lightbox\" data-rel=\"iLightbox[b211812e0f18d7ec981]\" data-title=\"architecture_1\" title=\"architecture_1\"><img decoding=\"async\" width=\"750\" height=\"1097\" src=\"data:image\/svg+xml,%3Csvg%20xmlns%3D%27http%3A%2F%2Fwww.w3.org%2F2000%2Fsvg%27%20width%3D%27750%27%20height%3D%271097%27%20viewBox%3D%270%200%20750%201097%27%3E%3Crect%20width%3D%27750%27%20height%3D%271097%27%20fill-opacity%3D%220%22%2F%3E%3C%2Fsvg%3E\" data-orig-src=\"https:\/\/douyapi.com\/wp-content\/uploads\/2015\/06\/architecture_1.jpg\" alt class=\"lazyload img-responsive wp-image-572\"\/><\/a><\/span><\/div><\/div><\/div><\/div><\/div><\/p>\n","protected":false},"excerpt":{"rendered":"","protected":false},"author":1,"featured_media":0,"parent":0,"menu_order":0,"comment_status":"closed","ping_status":"closed","template":"100-width.php","meta":{"footnotes":""},"class_list":["post-973","page","type-page","status-publish","hentry"],"_links":{"self":[{"href":"https:\/\/douyapi.com\/index.php\/wp-json\/wp\/v2\/pages\/973","targetHints":{"allow":["GET"]}}],"collection":[{"href":"https:\/\/douyapi.com\/index.php\/wp-json\/wp\/v2\/pages"}],"about":[{"href":"https:\/\/douyapi.com\/index.php\/wp-json\/wp\/v2\/types\/page"}],"author":[{"embeddable":true,"href":"https:\/\/douyapi.com\/index.php\/wp-json\/wp\/v2\/users\/1"}],"replies":[{"embeddable":true,"href":"https:\/\/douyapi.com\/index.php\/wp-json\/wp\/v2\/comments?post=973"}],"version-history":[{"count":5,"href":"https:\/\/douyapi.com\/index.php\/wp-json\/wp\/v2\/pages\/973\/revisions"}],"predecessor-version":[{"id":1042,"href":"https:\/\/douyapi.com\/index.php\/wp-json\/wp\/v2\/pages\/973\/revisions\/1042"}],"wp:attachment":[{"href":"https:\/\/douyapi.com\/index.php\/wp-json\/wp\/v2\/media?parent=973"}],"curies":[{"name":"wp","href":"https:\/\/api.w.org\/{rel}","templated":true}]}}