{"id":645,"date":"2015-07-01T01:47:46","date_gmt":"2015-07-01T01:47:46","guid":{"rendered":"https:\/\/avadawebsites.wpengine.com\/architecture\/?page_id=645"},"modified":"2024-03-17T01:32:43","modified_gmt":"2024-03-17T01:32:43","slug":"project-management","status":"publish","type":"page","link":"https:\/\/douyapi.com\/index.php\/project-management\/","title":{"rendered":"Project Management"},"content":{"rendered":"<p><div class=\"fusion-bg-parallax\" data-bg-align=\"left center\" data-direction=\"up\" data-mute=\"false\" data-opacity=\"100\" data-velocity=\"-0.3\" data-mobile-enabled=\"false\" data-break_parents=\"0\" data-bg-image=\"https:\/\/douyapi.com\/wp-content\/uploads\/2015\/02\/home-section5.jpg\" data-bg-repeat=\"false\" ><\/div><div class=\"fusion-fullwidth fullwidth-box fusion-builder-row-1 fusion-flex-container fusion-parallax-up nonhundred-percent-fullwidth non-hundred-percent-height-scrolling lazyload\" style=\"--awb-background-position:left center;--awb-border-sizes-top:0px;--awb-border-sizes-bottom:0px;--awb-border-sizes-left:0px;--awb-border-sizes-right:0px;--awb-border-radius-top-left:0px;--awb-border-radius-top-right:0px;--awb-border-radius-bottom-right:0px;--awb-border-radius-bottom-left:0px;--awb-padding-top:130px;--awb-padding-bottom:120px;--awb-background-size:cover;--awb-flex-wrap:wrap;\" data-bg=\"https:\/\/douyapi.com\/wp-content\/uploads\/2015\/02\/home-section5.jpg\" ><div class=\"fusion-builder-row fusion-row fusion-flex-align-items-flex-start fusion-flex-content-wrap\" style=\"max-width:1216.8px;margin-left: calc(-4% \/ 2 );margin-right: calc(-4% \/ 2 );\"><div class=\"fusion-layout-column fusion_builder_column fusion-builder-column-0 fusion_builder_column_1_2 1_2 fusion-flex-column\" style=\"--awb-bg-size:cover;--awb-width-large:50%;--awb-margin-top-large:0px;--awb-spacing-right-large:3.84%;--awb-margin-bottom-large:20px;--awb-spacing-left-large:3.84%;--awb-width-medium:100%;--awb-spacing-right-medium:1.92%;--awb-spacing-left-medium:1.92%;--awb-width-small:100%;--awb-spacing-right-small:1.92%;--awb-spacing-left-small:1.92%;\"><div class=\"fusion-column-wrapper fusion-flex-justify-content-flex-start fusion-content-layout-column\"><div class=\"fusion-title title fusion-title-1 fusion-sep-none fusion-title-text fusion-title-size-two\" style=\"--awb-text-color:var(--awb-color1);--awb-margin-top-small:0px;--awb-margin-right-small:0px;--awb-margin-bottom-small:20px;--awb-margin-left-small:0px;\"><h2 class=\"fusion-title-heading title-heading-left fusion-responsive-typography-calculated\" style=\"margin:0;text-transform:capitalize;--fontSize:48;line-height:var(--awb-typography1-line-height);\">PROJE TAAHH\u00dcT<\/h2><\/div><div class=\"fusion-text fusion-text-1\" style=\"--awb-text-color:var(--awb-color1);\"><p>Proje taahh\u00fct hizmetleri, in\u015faat projelerinin her a\u015famas\u0131nda etkili bir \u015fekilde faaliyet g\u00f6sterir. Bu a\u015famalar aras\u0131nda planlama, tasar\u0131m, malzeme temini, i\u015f\u00e7ilik, zaman y\u00f6netimi, b\u00fct\u00e7e kontrol\u00fc ve proje y\u00f6netimi bulunmaktad\u0131r. DOU YAPI ve \u0130N\u015eAAT olarak, m\u00fc\u015fterilerimize proje s\u00fcrecinin t\u00fcm a\u015famalar\u0131nda destek sa\u011fl\u0131yor ve projenin ba\u015far\u0131l\u0131 bir \u015fekilde tamamlanmas\u0131n\u0131 sa\u011fl\u0131yoruz.<\/p>\n<\/div><div class=\"fusion-separator fusion-full-width-sep\" style=\"align-self: center;margin-left: auto;margin-right: auto;margin-top:20px;width:100%;\"><\/div><div ><a class=\"fusion-button button-flat button-xlarge button-default fusion-button-default button-1 fusion-button-default-span fusion-button-default-type\" target=\"_self\" href=\"https:\/\/douyapi.com\/index.php\/contact\/\"><span class=\"fusion-button-text awb-button__text awb-button__text--default\">B\u0130LG\u0130 \u0130\u00c7\u0130N ARAYINIZ.<\/span><\/a><\/div><\/div><\/div><\/div><\/div><div class=\"fusion-fullwidth fullwidth-box fusion-builder-row-2 fusion-flex-container nonhundred-percent-fullwidth non-hundred-percent-height-scrolling\" style=\"--awb-background-position:left top;--awb-border-sizes-top:0px;--awb-border-sizes-bottom:0px;--awb-border-sizes-left:0px;--awb-border-sizes-right:0px;--awb-border-radius-top-left:0px;--awb-border-radius-top-right:0px;--awb-border-radius-bottom-right:0px;--awb-border-radius-bottom-left:0px;--awb-padding-top:130px;--awb-padding-bottom:130px;--awb-flex-wrap:wrap;\" ><div class=\"fusion-builder-row fusion-row fusion-flex-align-items-center fusion-flex-content-wrap\" style=\"max-width:1216.8px;margin-left: calc(-4% \/ 2 );margin-right: calc(-4% \/ 2 );\"><div class=\"fusion-layout-column fusion_builder_column fusion-builder-column-1 fusion_builder_column_2_3 2_3 fusion-flex-column\" style=\"--awb-bg-size:cover;--awb-width-large:66.666666666667%;--awb-margin-top-large:0px;--awb-spacing-right-large:3.84%;--awb-margin-bottom-large:20px;--awb-spacing-left-large:2.88%;--awb-width-medium:100%;--awb-spacing-right-medium:1.92%;--awb-spacing-left-medium:1.92%;--awb-width-small:100%;--awb-spacing-right-small:1.92%;--awb-spacing-left-small:1.92%;\"><div class=\"fusion-column-wrapper fusion-flex-justify-content-flex-start fusion-content-layout-column\"><div class=\"fusion-title title fusion-title-2 fusion-sep-none fusion-title-text fusion-title-size-two\" style=\"--awb-margin-bottom:50px;--awb-margin-top-small:0px;--awb-margin-right-small:0px;--awb-margin-bottom-small:20px;--awb-margin-left-small:0px;\"><h2 class=\"fusion-title-heading title-heading-left fusion-responsive-typography-calculated\" style=\"margin:0;text-transform:capitalize;--fontSize:48;line-height:var(--awb-typography1-line-height);\">M\u00dcKEMMELLI\u0307\u011eI\u0307 I\u0307N\u015eA ETMEK<\/h2><\/div><div class=\"fusion-separator\" style=\"align-self: flex-start;margin-right:auto;margin-top:0px;margin-bottom:40px;width:100%;max-width:170px;\"><div class=\"fusion-separator-border sep-single sep-solid\" style=\"--awb-height:20px;--awb-amount:20px;--awb-sep-color:var(--awb-color3);border-color:var(--awb-color3);border-top-width:3px;\"><\/div><\/div><div class=\"fusion-text fusion-text-2\" style=\"--awb-font-size:var(--awb-typography2-font-size);--awb-line-height:var(--awb-typography2-line-height);--awb-letter-spacing:var(--awb-typography2-letter-spacing);--awb-text-transform:var(--awb-typography2-text-transform);--awb-text-font-family:var(--awb-typography2-font-family);--awb-text-font-weight:var(--awb-typography2-font-weight);--awb-text-font-style:var(--awb-typography2-font-style);\"><p><strong>Proje Taahh\u00fct: G\u00fcvenilir \u0130n\u015faat Projeleri \u0130\u00e7in Do\u011fru Adres<\/strong><\/p>\n<\/div><div class=\"fusion-text fusion-text-3\"><p>Proje taahh\u00fct, in\u015faat sekt\u00f6r\u00fcnde \u00f6nemli bir rol oynamaktad\u0131r. Bu hizmet, m\u00fc\u015fterilerin in\u015faat projelerini y\u00f6netmek, organize etmek ve tamamlamak i\u00e7in bir ara\u00e7 olarak kullan\u0131l\u0131r. Proje taahh\u00fct firmalar\u0131, m\u00fc\u015fterilerinin ihtiya\u00e7lar\u0131n\u0131 kar\u015f\u0131lamak i\u00e7in uzmanl\u0131klar\u0131n\u0131 ve kaynaklar\u0131n\u0131 kullanarak karma\u015f\u0131k projeleri y\u00f6netir.<\/p>\n<p>Proje taahh\u00fct hizmetleri, in\u015faat projelerinin her a\u015famas\u0131nda etkili bir \u015fekilde faaliyet g\u00f6sterir. Bu a\u015famalar aras\u0131nda planlama, tasar\u0131m, malzeme temini, i\u015f\u00e7ilik, zaman y\u00f6netimi, b\u00fct\u00e7e kontrol\u00fc ve proje y\u00f6netimi bulunmaktad\u0131r. Proje taahh\u00fct firmalar\u0131, m\u00fc\u015fterilerine proje s\u00fcrecinin t\u00fcm a\u015famalar\u0131nda destek sa\u011flar ve projenin ba\u015far\u0131l\u0131 bir \u015fekilde tamamlanmas\u0131n\u0131 sa\u011flar.<\/p>\n<p>Proje taahh\u00fct hizmetleri, m\u00fc\u015fterilerin i\u015f y\u00fck\u00fcn\u00fc hafifletmek, zaman ve kaynak tasarrufu yapmak ve projelerini zaman\u0131nda ve b\u00fct\u00e7e dahilinde tamamlamak i\u00e7in ideal bir \u00e7\u00f6z\u00fcmd\u00fcr. Bu hizmetler, in\u015faat projelerinin karma\u015f\u0131kl\u0131\u011f\u0131n\u0131 azalt\u0131r ve projenin ba\u015far\u0131l\u0131 bir \u015fekilde sonu\u00e7lanmas\u0131n\u0131 sa\u011flar.<\/p>\n<p>Proje taahh\u00fct hizmetleri, in\u015faat sekt\u00f6r\u00fcnde g\u00fcvenilirlik, uzmanl\u0131k ve kalite ile ili\u015fkilendirilir. M\u00fc\u015fteriler, projelerini g\u00fcvenle bir proje taahh\u00fct firmas\u0131na emanet ederek, ba\u015far\u0131l\u0131 sonu\u00e7lar elde etmek i\u00e7in do\u011fru ad\u0131m\u0131 atm\u0131\u015f olurlar.<\/p>\n<p>E\u011fer siz de in\u015faat projeleriniz i\u00e7in g\u00fcvenilir bir partner ar\u0131yorsan\u0131z, proje taahh\u00fct hizmetlerimizle size yard\u0131mc\u0131 olmaktan memnuniyet duyar\u0131z.<\/p>\n<\/div><\/div><\/div><div class=\"fusion-layout-column fusion_builder_column fusion-builder-column-2 fusion_builder_column_1_3 1_3 fusion-flex-column\" style=\"--awb-bg-size:cover;--awb-width-large:33.333333333333%;--awb-margin-top-large:0px;--awb-spacing-right-large:5.76%;--awb-margin-bottom-large:20px;--awb-spacing-left-large:3.84%;--awb-width-medium:100%;--awb-spacing-right-medium:1.92%;--awb-spacing-left-medium:1.92%;--awb-width-small:100%;--awb-spacing-right-small:1.92%;--awb-spacing-left-small:1.92%;\"><div class=\"fusion-column-wrapper fusion-flex-justify-content-flex-start fusion-content-layout-column\"><div class=\"fusion-image-element \" style=\"--awb-caption-title-font-family:var(--h2_typography-font-family);--awb-caption-title-font-weight:var(--h2_typography-font-weight);--awb-caption-title-font-style:var(--h2_typography-font-style);--awb-caption-title-size:var(--h2_typography-font-size);--awb-caption-title-transform:var(--h2_typography-text-transform);--awb-caption-title-line-height:var(--h2_typography-line-height);--awb-caption-title-letter-spacing:var(--h2_typography-letter-spacing);\"><span class=\" fusion-imageframe imageframe-none imageframe-1 hover-type-zoomin fusion-animated\" data-animationType=\"fadeInDown\" data-animationDuration=\"1\" data-animationOffset=\"top-into-view\"><a href=\"https:\/\/douyapi.com\/wp-content\/uploads\/2015\/06\/architecture_1.jpg\" class=\"fusion-lightbox\" data-rel=\"iLightbox[b211812e0f18d7ec981]\" data-title=\"architecture_1\" title=\"architecture_1\"><img decoding=\"async\" width=\"750\" height=\"1097\" src=\"data:image\/svg+xml,%3Csvg%20xmlns%3D%27http%3A%2F%2Fwww.w3.org%2F2000%2Fsvg%27%20width%3D%27750%27%20height%3D%271097%27%20viewBox%3D%270%200%20750%201097%27%3E%3Crect%20width%3D%27750%27%20height%3D%271097%27%20fill-opacity%3D%220%22%2F%3E%3C%2Fsvg%3E\" data-orig-src=\"https:\/\/douyapi.com\/wp-content\/uploads\/2015\/06\/architecture_1.jpg\" alt class=\"lazyload img-responsive wp-image-572\"\/><\/a><\/span><\/div><\/div><\/div><\/div><\/div><\/p>\n","protected":false},"excerpt":{"rendered":"","protected":false},"author":1,"featured_media":0,"parent":0,"menu_order":0,"comment_status":"closed","ping_status":"closed","template":"100-width.php","meta":{"footnotes":""},"class_list":["post-645","page","type-page","status-publish","hentry"],"_links":{"self":[{"href":"https:\/\/douyapi.com\/index.php\/wp-json\/wp\/v2\/pages\/645","targetHints":{"allow":["GET"]}}],"collection":[{"href":"https:\/\/douyapi.com\/index.php\/wp-json\/wp\/v2\/pages"}],"about":[{"href":"https:\/\/douyapi.com\/index.php\/wp-json\/wp\/v2\/types\/page"}],"author":[{"embeddable":true,"href":"https:\/\/douyapi.com\/index.php\/wp-json\/wp\/v2\/users\/1"}],"replies":[{"embeddable":true,"href":"https:\/\/douyapi.com\/index.php\/wp-json\/wp\/v2\/comments?post=645"}],"version-history":[{"count":4,"href":"https:\/\/douyapi.com\/index.php\/wp-json\/wp\/v2\/pages\/645\/revisions"}],"predecessor-version":[{"id":1037,"href":"https:\/\/douyapi.com\/index.php\/wp-json\/wp\/v2\/pages\/645\/revisions\/1037"}],"wp:attachment":[{"href":"https:\/\/douyapi.com\/index.php\/wp-json\/wp\/v2\/media?parent=645"}],"curies":[{"name":"wp","href":"https:\/\/api.w.org\/{rel}","templated":true}]}}