{"id":641,"date":"2015-07-01T01:47:10","date_gmt":"2015-07-01T01:47:10","guid":{"rendered":"https:\/\/avadawebsites.wpengine.com\/architecture\/?page_id=641"},"modified":"2024-03-17T01:34:53","modified_gmt":"2024-03-17T01:34:53","slug":"landscape","status":"publish","type":"page","link":"https:\/\/douyapi.com\/index.php\/landscape\/","title":{"rendered":"Landscape"},"content":{"rendered":"<p><div class=\"fusion-bg-parallax\" data-bg-align=\"left center\" data-direction=\"up\" data-mute=\"false\" data-opacity=\"100\" data-velocity=\"-0.3\" data-mobile-enabled=\"false\" data-break_parents=\"0\" data-bg-image=\"https:\/\/douyapi.com\/wp-content\/uploads\/2015\/02\/home-section3.jpg\" data-bg-repeat=\"false\" ><\/div><div class=\"fusion-fullwidth fullwidth-box fusion-builder-row-1 fusion-flex-container fusion-parallax-up nonhundred-percent-fullwidth non-hundred-percent-height-scrolling lazyload\" style=\"--awb-background-position:left center;--awb-border-sizes-top:0px;--awb-border-sizes-bottom:0px;--awb-border-sizes-left:0px;--awb-border-sizes-right:0px;--awb-border-radius-top-left:0px;--awb-border-radius-top-right:0px;--awb-border-radius-bottom-right:0px;--awb-border-radius-bottom-left:0px;--awb-padding-top:130px;--awb-padding-bottom:120px;--awb-background-size:cover;--awb-flex-wrap:wrap;\" data-bg=\"https:\/\/douyapi.com\/wp-content\/uploads\/2015\/02\/home-section3.jpg\" ><div class=\"fusion-builder-row fusion-row fusion-flex-align-items-flex-start fusion-flex-content-wrap\" style=\"max-width:1216.8px;margin-left: calc(-4% \/ 2 );margin-right: calc(-4% \/ 2 );\"><div class=\"fusion-layout-column fusion_builder_column fusion-builder-column-0 fusion_builder_column_1_2 1_2 fusion-flex-column\" style=\"--awb-bg-size:cover;--awb-width-large:50%;--awb-margin-top-large:0px;--awb-spacing-right-large:3.84%;--awb-margin-bottom-large:20px;--awb-spacing-left-large:3.84%;--awb-width-medium:100%;--awb-spacing-right-medium:1.92%;--awb-spacing-left-medium:1.92%;--awb-width-small:100%;--awb-spacing-right-small:1.92%;--awb-spacing-left-small:1.92%;\"><div class=\"fusion-column-wrapper fusion-flex-justify-content-flex-start fusion-content-layout-column\"><div class=\"fusion-title title fusion-title-1 fusion-sep-none fusion-title-text fusion-title-size-two\" style=\"--awb-text-color:var(--awb-color1);--awb-margin-top-small:0px;--awb-margin-right-small:0px;--awb-margin-bottom-small:20px;--awb-margin-left-small:0px;\"><h2 class=\"fusion-title-heading title-heading-left fusion-responsive-typography-calculated\" style=\"margin:0;text-transform:capitalize;--fontSize:48;line-height:var(--awb-typography1-line-height);\">PEYZAJ \u0130\u015eLER\u0130<\/h2><\/div><div class=\"fusion-text fusion-text-1\" style=\"--awb-text-color:var(--awb-color1);\"><p><strong>Do\u011fan\u0131n Zarif Dokunu\u015fu: Peyzaj \u0130\u015fleri<\/strong><\/p>\n<p>Peyzaj i\u015fleri, do\u011fal g\u00fczellikleri insanlar\u0131n ya\u015fam alanlar\u0131na ta\u015f\u0131yan, estetik de\u011feri y\u00fcksek ve fonksiyonel d\u0131\u015f mekan tasar\u0131mlar\u0131n\u0131 i\u00e7erir. Bah\u00e7e d\u00fczenlemesi, peyzaj tasar\u0131m\u0131, \u00e7evre peyzaj\u0131 ve ye\u015fil alan y\u00f6netimi gibi bir\u00e7ok farkl\u0131 alan\u0131 kapsayan peyzaj i\u015fleri, insanlar\u0131n ya\u015fam kalitesini art\u0131rmak ve \u00e7evreye de\u011fer katmak i\u00e7in \u00f6nemli bir rol oynar.<\/p>\n<\/div><div class=\"fusion-separator fusion-full-width-sep\" style=\"align-self: center;margin-left: auto;margin-right: auto;margin-top:20px;width:100%;\"><\/div><div ><a class=\"fusion-button button-flat button-xlarge button-default fusion-button-default button-1 fusion-button-default-span fusion-button-default-type\" target=\"_self\" href=\"https:\/\/douyapi.com\/index.php\/contact\/\"><span class=\"fusion-button-text awb-button__text awb-button__text--default\">B\u0130LG\u0130 \u0130\u00c7\u0130N ARAYINIZ.<\/span><\/a><\/div><\/div><\/div><\/div><\/div><div class=\"fusion-fullwidth fullwidth-box fusion-builder-row-2 fusion-flex-container nonhundred-percent-fullwidth non-hundred-percent-height-scrolling\" style=\"--awb-background-position:left top;--awb-border-sizes-top:0px;--awb-border-sizes-bottom:0px;--awb-border-sizes-left:0px;--awb-border-sizes-right:0px;--awb-border-radius-top-left:0px;--awb-border-radius-top-right:0px;--awb-border-radius-bottom-right:0px;--awb-border-radius-bottom-left:0px;--awb-padding-top:130px;--awb-padding-bottom:130px;--awb-flex-wrap:wrap;\" ><div class=\"fusion-builder-row fusion-row fusion-flex-align-items-flex-start fusion-flex-content-wrap\" style=\"max-width:1216.8px;margin-left: calc(-4% \/ 2 );margin-right: calc(-4% \/ 2 );\"><div class=\"fusion-layout-column fusion_builder_column fusion-builder-column-1 fusion_builder_column_2_3 2_3 fusion-flex-column\" style=\"--awb-bg-size:cover;--awb-width-large:66.666666666667%;--awb-margin-top-large:0px;--awb-spacing-right-large:3.84%;--awb-margin-bottom-large:20px;--awb-spacing-left-large:2.88%;--awb-width-medium:100%;--awb-spacing-right-medium:1.92%;--awb-spacing-left-medium:1.92%;--awb-width-small:100%;--awb-spacing-right-small:1.92%;--awb-spacing-left-small:1.92%;\"><div class=\"fusion-column-wrapper fusion-flex-justify-content-flex-start fusion-content-layout-column\"><div class=\"fusion-title title fusion-title-2 fusion-sep-none fusion-title-text fusion-title-size-two\" style=\"--awb-margin-bottom:50px;--awb-margin-top-small:0px;--awb-margin-right-small:0px;--awb-margin-bottom-small:20px;--awb-margin-left-small:0px;\"><h2 class=\"fusion-title-heading title-heading-left fusion-responsive-typography-calculated\" style=\"margin:0;text-transform:capitalize;--fontSize:48;line-height:var(--awb-typography1-line-height);\"><strong>Do\u011fan\u0131n Zarif Dokunu\u015fu: Peyzaj \u0130\u015fleri<\/strong><\/h2><\/div><div class=\"fusion-separator\" style=\"align-self: flex-start;margin-right:auto;margin-top:0px;margin-bottom:40px;width:100%;max-width:170px;\"><div class=\"fusion-separator-border sep-single sep-solid\" style=\"--awb-height:20px;--awb-amount:20px;--awb-sep-color:var(--awb-color3);border-color:var(--awb-color3);border-top-width:3px;\"><\/div><\/div><div class=\"fusion-text fusion-text-2\" style=\"--awb-font-size:var(--awb-typography2-font-size);--awb-line-height:var(--awb-typography2-line-height);--awb-letter-spacing:var(--awb-typography2-letter-spacing);--awb-text-transform:var(--awb-typography2-text-transform);--awb-text-font-family:var(--awb-typography2-font-family);--awb-text-font-weight:var(--awb-typography2-font-weight);--awb-text-font-style:var(--awb-typography2-font-style);\"><p>Biz, peyzaj i\u015fleri konusunda uzmanla\u015fm\u0131\u015f bir ekibiz ve size en iyi hizmeti sunmak i\u00e7in buraday\u0131z. Do\u011fan\u0131n zarif dokunu\u015funu ya\u015fam alanlar\u0131n\u0131za ta\u015f\u0131mak ve size \u00f6zel peyzaj \u00e7\u00f6z\u00fcmleri sunmak i\u00e7in sab\u0131rs\u0131zlan\u0131yoruz.<\/p>\n<\/div><div class=\"fusion-text fusion-text-3\"><p>Peyzaj i\u015fleri, \u00e7e\u015fitli mekanlarda uygulanabilir. \u00d6zel konut bah\u00e7eleri, kamu parklar\u0131, ticari kompleksler, oteller, tatil k\u00f6yleri, belediye alanlar\u0131 ve \u015fehir merkezleri gibi geni\u015f bir yelpazede peyzaj i\u015fleri ger\u00e7ekle\u015ftirilir. Her proje, mekan\u0131n \u00f6zelliklerine ve kullan\u0131c\u0131lar\u0131n ihtiya\u00e7lar\u0131na g\u00f6re \u00f6zelle\u015ftirilmi\u015f \u00e7\u00f6z\u00fcmler sunar.<\/p>\n<p>Peyzaj i\u015flerinin amac\u0131, insanlar\u0131n do\u011fayla uyumlu ve huzurlu bir ya\u015fam ortam\u0131 yaratmakt\u0131r. Do\u011fal ve yapay \u00f6\u011felerin dengeli bir \u015fekilde kullan\u0131lmas\u0131, peyzaj\u0131n estetik ve fonksiyonel de\u011ferini art\u0131r\u0131r. Ye\u015fil alanlar, bitki d\u00fczenlemeleri, su \u00f6zellikleri, ayd\u0131nlatma sistemleri ve oturma alanlar\u0131 gibi unsurlar, peyzaj\u0131n \u00e7ekicili\u011fini ve kullan\u0131labilirli\u011fini art\u0131r\u0131r.<\/p>\n<p>Peyzaj i\u015fleri, uzmanl\u0131k ve kreatif d\u00fc\u015f\u00fcnme gerektiren kapsaml\u0131 bir s\u00fcre\u00e7tir. Proje kavram\u0131 ve tasar\u0131m a\u015famas\u0131, bitki se\u00e7imi, peyzaj uygulamas\u0131, sulama ve bak\u0131m gibi bir\u00e7ok ad\u0131mdan olu\u015fur. Her a\u015famada, uzman bir ekip taraf\u0131ndan titizlikle \u00e7al\u0131\u015f\u0131l\u0131r ve projenin \u00f6zg\u00fcn karakterini ortaya \u00e7\u0131karmak i\u00e7in \u00f6zverili bir \u00e7aba sarf edilir.<\/p>\n<p>E\u011fer siz de do\u011fayla i\u00e7 i\u00e7e, huzurlu ve estetik bir ya\u015fam alan\u0131 yaratmak istiyorsan\u0131z, peyzaj i\u015fleri konusunda uzmanla\u015fm\u0131\u015f bir ekiple \u00e7al\u0131\u015fman\u0131z \u00f6nemlidir. Profesyonel bir peyzaj ekibiyle, hayallerinizdeki bah\u00e7eyi ve d\u0131\u015f mekan\u0131 tasarlayabilir ve size \u00f6zel bir ya\u015fam alan\u0131 yaratabilirsiniz.<\/p>\n<\/div><\/div><\/div><div class=\"fusion-layout-column fusion_builder_column fusion-builder-column-2 fusion_builder_column_1_3 1_3 fusion-flex-column\" style=\"--awb-bg-size:cover;--awb-width-large:33.333333333333%;--awb-margin-top-large:0px;--awb-spacing-right-large:5.76%;--awb-margin-bottom-large:20px;--awb-spacing-left-large:3.84%;--awb-width-medium:100%;--awb-spacing-right-medium:1.92%;--awb-spacing-left-medium:1.92%;--awb-width-small:100%;--awb-spacing-right-small:1.92%;--awb-spacing-left-small:1.92%;\"><div class=\"fusion-column-wrapper fusion-flex-justify-content-flex-start fusion-content-layout-column\"><div class=\"fusion-image-element \" style=\"--awb-caption-title-font-family:var(--h2_typography-font-family);--awb-caption-title-font-weight:var(--h2_typography-font-weight);--awb-caption-title-font-style:var(--h2_typography-font-style);--awb-caption-title-size:var(--h2_typography-font-size);--awb-caption-title-transform:var(--h2_typography-text-transform);--awb-caption-title-line-height:var(--h2_typography-line-height);--awb-caption-title-letter-spacing:var(--h2_typography-letter-spacing);\"><span class=\" fusion-imageframe imageframe-none imageframe-1 hover-type-zoomin fusion-animated\" data-animationType=\"fadeInDown\" data-animationDuration=\"1\" data-animationOffset=\"top-into-view\"><a href=\"https:\/\/douyapi.com\/wp-content\/uploads\/2015\/06\/architecture_1.jpg\" class=\"fusion-lightbox\" data-rel=\"iLightbox[b211812e0f18d7ec981]\" data-title=\"architecture_1\" title=\"architecture_1\"><img decoding=\"async\" width=\"750\" height=\"1097\" src=\"data:image\/svg+xml,%3Csvg%20xmlns%3D%27http%3A%2F%2Fwww.w3.org%2F2000%2Fsvg%27%20width%3D%27750%27%20height%3D%271097%27%20viewBox%3D%270%200%20750%201097%27%3E%3Crect%20width%3D%27750%27%20height%3D%271097%27%20fill-opacity%3D%220%22%2F%3E%3C%2Fsvg%3E\" data-orig-src=\"https:\/\/douyapi.com\/wp-content\/uploads\/2015\/06\/architecture_1.jpg\" alt class=\"lazyload img-responsive wp-image-572\"\/><\/a><\/span><\/div><\/div><\/div><\/div><\/div><\/p>\n","protected":false},"excerpt":{"rendered":"","protected":false},"author":1,"featured_media":0,"parent":0,"menu_order":0,"comment_status":"closed","ping_status":"closed","template":"100-width.php","meta":{"footnotes":""},"class_list":["post-641","page","type-page","status-publish","hentry"],"_links":{"self":[{"href":"https:\/\/douyapi.com\/index.php\/wp-json\/wp\/v2\/pages\/641","targetHints":{"allow":["GET"]}}],"collection":[{"href":"https:\/\/douyapi.com\/index.php\/wp-json\/wp\/v2\/pages"}],"about":[{"href":"https:\/\/douyapi.com\/index.php\/wp-json\/wp\/v2\/types\/page"}],"author":[{"embeddable":true,"href":"https:\/\/douyapi.com\/index.php\/wp-json\/wp\/v2\/users\/1"}],"replies":[{"embeddable":true,"href":"https:\/\/douyapi.com\/index.php\/wp-json\/wp\/v2\/comments?post=641"}],"version-history":[{"count":3,"href":"https:\/\/douyapi.com\/index.php\/wp-json\/wp\/v2\/pages\/641\/revisions"}],"predecessor-version":[{"id":1040,"href":"https:\/\/douyapi.com\/index.php\/wp-json\/wp\/v2\/pages\/641\/revisions\/1040"}],"wp:attachment":[{"href":"https:\/\/douyapi.com\/index.php\/wp-json\/wp\/v2\/media?parent=641"}],"curies":[{"name":"wp","href":"https:\/\/api.w.org\/{rel}","templated":true}]}}