{"id":639,"date":"2015-07-01T01:46:53","date_gmt":"2015-07-01T01:46:53","guid":{"rendered":"https:\/\/avadawebsites.wpengine.com\/architecture\/?page_id=639"},"modified":"2024-03-17T01:34:11","modified_gmt":"2024-03-17T01:34:11","slug":"interior-design","status":"publish","type":"page","link":"https:\/\/douyapi.com\/index.php\/interior-design\/","title":{"rendered":"Interior Design"},"content":{"rendered":"<p><div class=\"fusion-bg-parallax\" data-bg-align=\"right center\" data-direction=\"up\" data-mute=\"false\" data-opacity=\"100\" data-velocity=\"-0.3\" data-mobile-enabled=\"false\" data-break_parents=\"0\" data-bg-image=\"https:\/\/douyapi.com\/wp-content\/uploads\/2015\/02\/home-section2.jpg\" data-bg-repeat=\"false\" ><\/div><div class=\"fusion-fullwidth fullwidth-box fusion-builder-row-1 fusion-flex-container fusion-parallax-up nonhundred-percent-fullwidth non-hundred-percent-height-scrolling lazyload\" style=\"--awb-background-position:right center;--awb-border-sizes-top:0px;--awb-border-sizes-bottom:0px;--awb-border-sizes-left:0px;--awb-border-sizes-right:0px;--awb-border-radius-top-left:0px;--awb-border-radius-top-right:0px;--awb-border-radius-bottom-right:0px;--awb-border-radius-bottom-left:0px;--awb-padding-top:130px;--awb-padding-bottom:120px;--awb-background-size:cover;--awb-flex-wrap:wrap;\" data-bg=\"https:\/\/douyapi.com\/wp-content\/uploads\/2015\/02\/home-section2.jpg\" ><div class=\"fusion-builder-row fusion-row fusion-flex-align-items-flex-start fusion-flex-content-wrap\" style=\"max-width:1216.8px;margin-left: calc(-4% \/ 2 );margin-right: calc(-4% \/ 2 );\"><div class=\"fusion-layout-column fusion_builder_column fusion-builder-column-0 fusion_builder_column_1_2 1_2 fusion-flex-column\" style=\"--awb-bg-size:cover;--awb-width-large:50%;--awb-margin-top-large:0px;--awb-spacing-right-large:3.84%;--awb-margin-bottom-large:20px;--awb-spacing-left-large:3.84%;--awb-width-medium:100%;--awb-spacing-right-medium:1.92%;--awb-spacing-left-medium:1.92%;--awb-width-small:100%;--awb-spacing-right-small:1.92%;--awb-spacing-left-small:1.92%;\"><div class=\"fusion-column-wrapper fusion-flex-justify-content-flex-start fusion-content-layout-column\"><div class=\"fusion-title title fusion-title-1 fusion-sep-none fusion-title-text fusion-title-size-two\" style=\"--awb-text-color:var(--awb-color1);--awb-margin-top-small:0px;--awb-margin-right-small:0px;--awb-margin-bottom-small:20px;--awb-margin-left-small:0px;\"><h2 class=\"fusion-title-heading title-heading-left fusion-responsive-typography-calculated\" style=\"margin:0;text-transform:capitalize;--fontSize:48;line-height:var(--awb-typography1-line-height);\">M\u0130MAR\u0130 \u0130\u015eLER<\/h2><\/div><div class=\"fusion-text fusion-text-1\" style=\"--awb-text-color:var(--awb-color1);\"><p><strong>Mimari \u0130\u015fler: Estetik, Fonksiyonellik ve Yarat\u0131c\u0131l\u0131\u011f\u0131n Bulu\u015ftu\u011fu Nokta<\/strong><\/p>\n<p>Mimari i\u015fler, ya\u015fad\u0131\u011f\u0131m\u0131z ve \u00e7al\u0131\u015ft\u0131\u011f\u0131m\u0131z mekanlar\u0131n karakterini ve kimli\u011fini belirler. Estetik tasar\u0131m\u0131, fonksiyonelli\u011fi ve yarat\u0131c\u0131l\u0131\u011f\u0131 bir araya getiren mimari i\u015fler, insanlar\u0131n ya\u015fam kalitesini art\u0131rmak ve \u00e7evreye de\u011fer katmak i\u00e7in \u00f6nemli bir rol oynar.<\/p>\n<\/div><div class=\"fusion-separator fusion-full-width-sep\" style=\"align-self: center;margin-left: auto;margin-right: auto;margin-top:20px;width:100%;\"><\/div><div ><a class=\"fusion-button button-flat button-xlarge button-default fusion-button-default button-1 fusion-button-default-span fusion-button-default-type\" target=\"_self\" href=\"https:\/\/douyapi.com\/index.php\/contact\/\"><span class=\"fusion-button-text awb-button__text awb-button__text--default\">B\u0130LG\u0130 \u0130\u00c7\u0130N ARAYINIZ.<\/span><\/a><\/div><\/div><\/div><\/div><\/div><div class=\"fusion-fullwidth fullwidth-box fusion-builder-row-2 fusion-flex-container nonhundred-percent-fullwidth non-hundred-percent-height-scrolling\" style=\"--awb-background-position:left top;--awb-border-sizes-top:0px;--awb-border-sizes-bottom:0px;--awb-border-sizes-left:0px;--awb-border-sizes-right:0px;--awb-border-radius-top-left:0px;--awb-border-radius-top-right:0px;--awb-border-radius-bottom-right:0px;--awb-border-radius-bottom-left:0px;--awb-padding-top:130px;--awb-padding-bottom:130px;--awb-flex-wrap:wrap;\" ><div class=\"fusion-builder-row fusion-row fusion-flex-align-items-flex-start fusion-flex-content-wrap\" style=\"max-width:1216.8px;margin-left: calc(-4% \/ 2 );margin-right: calc(-4% \/ 2 );\"><div class=\"fusion-layout-column fusion_builder_column fusion-builder-column-1 fusion_builder_column_2_3 2_3 fusion-flex-column\" style=\"--awb-bg-size:cover;--awb-width-large:66.666666666667%;--awb-margin-top-large:0px;--awb-spacing-right-large:3.84%;--awb-margin-bottom-large:20px;--awb-spacing-left-large:2.88%;--awb-width-medium:100%;--awb-spacing-right-medium:1.92%;--awb-spacing-left-medium:1.92%;--awb-width-small:100%;--awb-spacing-right-small:1.92%;--awb-spacing-left-small:1.92%;\"><div class=\"fusion-column-wrapper fusion-flex-justify-content-flex-start fusion-content-layout-column\"><div class=\"fusion-title title fusion-title-2 fusion-sep-none fusion-title-text fusion-title-size-two\" style=\"--awb-margin-bottom:50px;--awb-margin-top-small:0px;--awb-margin-right-small:0px;--awb-margin-bottom-small:20px;--awb-margin-left-small:0px;\"><h2 class=\"fusion-title-heading title-heading-left fusion-responsive-typography-calculated\" style=\"margin:0;text-transform:capitalize;--fontSize:48;line-height:var(--awb-typography1-line-height);\"><strong>Estetik, Fonksiyonellik ve Yarat\u0131c\u0131l\u0131\u011f\u0131n Bulu\u015ftu\u011fu Nokta<\/strong><\/p>\n<p>&nbsp;<\/h2><\/div><div class=\"fusion-separator\" style=\"align-self: flex-start;margin-right:auto;margin-top:0px;margin-bottom:40px;width:100%;max-width:170px;\"><div class=\"fusion-separator-border sep-single sep-solid\" style=\"--awb-height:20px;--awb-amount:20px;--awb-sep-color:var(--awb-color3);border-color:var(--awb-color3);border-top-width:3px;\"><\/div><\/div><div class=\"fusion-text fusion-text-2\" style=\"--awb-font-size:var(--awb-typography2-font-size);--awb-line-height:var(--awb-typography2-line-height);--awb-letter-spacing:var(--awb-typography2-letter-spacing);--awb-text-transform:var(--awb-typography2-text-transform);--awb-text-font-family:var(--awb-typography2-font-family);--awb-text-font-weight:var(--awb-typography2-font-weight);--awb-text-font-style:var(--awb-typography2-font-style);\"><p>Biz, mimari i\u015flerde uzmanla\u015fm\u0131\u015f bir ekibiz ve size hayallerinizi ger\u00e7ekle\u015ftirmenizde yard\u0131mc\u0131 olmak i\u00e7in buraday\u0131z. Estetik, fonksiyonellik ve yarat\u0131c\u0131l\u0131\u011f\u0131n bir araya geldi\u011fi mimari \u00e7\u00f6z\u00fcmlerimizle size en iyi hizmeti sunmaktan memnuniyet duyar\u0131z.<\/p>\n<\/div><div class=\"fusion-text fusion-text-3\"><p>Mimari i\u015fler, \u00e7e\u015fitli alanlarda uygulanabilir. Konut projeleri, ticari kompleksler, kamu binalar\u0131, e\u011fitim kurumlar\u0131, k\u00fclt\u00fcrel yap\u0131lar ve end\u00fcstriyel tesisler gibi geni\u015f bir yelpazede mimari i\u015fler ger\u00e7ekle\u015ftirilir. Her proje, benzersiz ihtiya\u00e7lar\u0131 ve beklentileri kar\u015f\u0131layacak \u015fekilde tasarlanmal\u0131 ve in\u015fa edilmelidir.<\/p>\n<p>Mimari i\u015flerin temel amac\u0131, insanlar\u0131n ya\u015fam alanlar\u0131n\u0131 daha i\u015flevsel, estetik ve konforlu hale getirmektir. Do\u011fru bir mimari tasar\u0131m, mekan\u0131n kullan\u0131c\u0131lar\u0131n\u0131n ihtiya\u00e7lar\u0131n\u0131 kar\u015f\u0131lar, do\u011fal \u0131\u015f\u0131\u011f\u0131 en iyi \u015fekilde kullan\u0131r, enerji verimlili\u011fini art\u0131r\u0131r ve s\u00fcrd\u00fcr\u00fclebilirlik prensiplerine uygun olarak tasarlan\u0131r.<\/p>\n<p>Mimari i\u015fler, bir\u00e7ok unsuru bir araya getiren kapsaml\u0131 bir s\u00fcre\u00e7tir. Proje kavram\u0131 ve tasar\u0131m a\u015famas\u0131, detayl\u0131 planlama ve m\u00fchendislik \u00e7al\u0131\u015fmalar\u0131, malzeme se\u00e7imi, in\u015faat s\u00fcreci ve son dokunu\u015flar gibi bir\u00e7ok ad\u0131mdan olu\u015fur. Her a\u015famada, uzman bir ekip taraf\u0131ndan titizlikle \u00e7al\u0131\u015f\u0131l\u0131r ve proje s\u00fcrecinin her ad\u0131m\u0131nda kalite ve hassasiyet g\u00f6zetilir.<\/p>\n<p>E\u011fer siz de hayalinizdeki mekan\u0131 yaratmak istiyorsan\u0131z, mimari i\u015flerde uzmanla\u015fm\u0131\u015f bir ekiple \u00e7al\u0131\u015fman\u0131z \u00f6nemlidir. Profesyonel bir mimari ekiple, hayal etti\u011finiz mekan\u0131 ger\u00e7e\u011fe d\u00f6n\u00fc\u015ft\u00fcrebilir ve size \u00f6zel, benzersiz bir ya\u015fam alan\u0131 yaratabilirsiniz.<\/p>\n<\/div><\/div><\/div><div class=\"fusion-layout-column fusion_builder_column fusion-builder-column-2 fusion_builder_column_1_3 1_3 fusion-flex-column\" style=\"--awb-bg-size:cover;--awb-width-large:33.333333333333%;--awb-margin-top-large:0px;--awb-spacing-right-large:5.76%;--awb-margin-bottom-large:20px;--awb-spacing-left-large:3.84%;--awb-width-medium:100%;--awb-spacing-right-medium:1.92%;--awb-spacing-left-medium:1.92%;--awb-width-small:100%;--awb-spacing-right-small:1.92%;--awb-spacing-left-small:1.92%;\"><div class=\"fusion-column-wrapper fusion-flex-justify-content-flex-start fusion-content-layout-column\"><div class=\"fusion-image-element \" style=\"--awb-caption-title-font-family:var(--h2_typography-font-family);--awb-caption-title-font-weight:var(--h2_typography-font-weight);--awb-caption-title-font-style:var(--h2_typography-font-style);--awb-caption-title-size:var(--h2_typography-font-size);--awb-caption-title-transform:var(--h2_typography-text-transform);--awb-caption-title-line-height:var(--h2_typography-line-height);--awb-caption-title-letter-spacing:var(--h2_typography-letter-spacing);\"><span class=\" fusion-imageframe imageframe-none imageframe-1 hover-type-zoomin fusion-animated\" data-animationType=\"fadeInDown\" data-animationDuration=\"1\" data-animationOffset=\"top-into-view\"><a href=\"https:\/\/douyapi.com\/wp-content\/uploads\/2015\/07\/interior_1-compressor.jpg\" class=\"fusion-lightbox\" data-rel=\"iLightbox[041dc4484ff0e38ebc0]\" data-title=\"interior_1-compressor\" title=\"interior_1-compressor\"><img decoding=\"async\" width=\"750\" height=\"1097\" src=\"data:image\/svg+xml,%3Csvg%20xmlns%3D%27http%3A%2F%2Fwww.w3.org%2F2000%2Fsvg%27%20width%3D%27750%27%20height%3D%271097%27%20viewBox%3D%270%200%20750%201097%27%3E%3Crect%20width%3D%27750%27%20height%3D%271097%27%20fill-opacity%3D%220%22%2F%3E%3C%2Fsvg%3E\" data-orig-src=\"https:\/\/douyapi.com\/wp-content\/uploads\/2015\/07\/interior_1-compressor.jpg\" alt class=\"lazyload img-responsive wp-image-658\"\/><\/a><\/span><\/div><\/div><\/div><\/div><\/div><\/p>\n","protected":false},"excerpt":{"rendered":"","protected":false},"author":1,"featured_media":0,"parent":0,"menu_order":0,"comment_status":"closed","ping_status":"closed","template":"100-width.php","meta":{"footnotes":""},"class_list":["post-639","page","type-page","status-publish","hentry"],"_links":{"self":[{"href":"https:\/\/douyapi.com\/index.php\/wp-json\/wp\/v2\/pages\/639","targetHints":{"allow":["GET"]}}],"collection":[{"href":"https:\/\/douyapi.com\/index.php\/wp-json\/wp\/v2\/pages"}],"about":[{"href":"https:\/\/douyapi.com\/index.php\/wp-json\/wp\/v2\/types\/page"}],"author":[{"embeddable":true,"href":"https:\/\/douyapi.com\/index.php\/wp-json\/wp\/v2\/users\/1"}],"replies":[{"embeddable":true,"href":"https:\/\/douyapi.com\/index.php\/wp-json\/wp\/v2\/comments?post=639"}],"version-history":[{"count":3,"href":"https:\/\/douyapi.com\/index.php\/wp-json\/wp\/v2\/pages\/639\/revisions"}],"predecessor-version":[{"id":1039,"href":"https:\/\/douyapi.com\/index.php\/wp-json\/wp\/v2\/pages\/639\/revisions\/1039"}],"wp:attachment":[{"href":"https:\/\/douyapi.com\/index.php\/wp-json\/wp\/v2\/media?parent=639"}],"curies":[{"name":"wp","href":"https:\/\/api.w.org\/{rel}","templated":true}]}}