{"id":555,"date":"2015-06-30T20:11:12","date_gmt":"2015-06-30T20:11:12","guid":{"rendered":"https:\/\/avadawebsites.wpengine.com\/architecture\/?page_id=555"},"modified":"2024-03-17T01:33:34","modified_gmt":"2024-03-17T01:33:34","slug":"architecture","status":"publish","type":"page","link":"https:\/\/douyapi.com\/index.php\/architecture\/","title":{"rendered":"Architecture"},"content":{"rendered":"<p><div class=\"fusion-bg-parallax\" data-bg-align=\"left top\" data-direction=\"up\" data-mute=\"false\" data-opacity=\"100\" data-velocity=\"-0.3\" data-mobile-enabled=\"false\" data-break_parents=\"0\" data-bg-image=\"https:\/\/douyapi.com\/wp-content\/uploads\/2015\/02\/home-section1.jpg\" data-bg-repeat=\"false\" ><\/div><div class=\"fusion-fullwidth fullwidth-box fusion-builder-row-1 fusion-flex-container fusion-parallax-up nonhundred-percent-fullwidth non-hundred-percent-height-scrolling lazyload\" style=\"--awb-background-position:left top;--awb-border-sizes-top:0px;--awb-border-sizes-bottom:0px;--awb-border-sizes-left:0px;--awb-border-sizes-right:0px;--awb-border-radius-top-left:0px;--awb-border-radius-top-right:0px;--awb-border-radius-bottom-right:0px;--awb-border-radius-bottom-left:0px;--awb-padding-top:130px;--awb-padding-bottom:120px;--awb-background-size:cover;--awb-flex-wrap:wrap;\" data-bg=\"https:\/\/douyapi.com\/wp-content\/uploads\/2015\/02\/home-section1.jpg\" ><div class=\"fusion-builder-row fusion-row fusion-flex-align-items-flex-start fusion-flex-content-wrap\" style=\"max-width:1216.8px;margin-left: calc(-4% \/ 2 );margin-right: calc(-4% \/ 2 );\"><div class=\"fusion-layout-column fusion_builder_column fusion-builder-column-0 fusion_builder_column_1_2 1_2 fusion-flex-column\" style=\"--awb-bg-size:cover;--awb-width-large:50%;--awb-margin-top-large:0px;--awb-spacing-right-large:3.84%;--awb-margin-bottom-large:20px;--awb-spacing-left-large:3.84%;--awb-width-medium:100%;--awb-spacing-right-medium:1.92%;--awb-spacing-left-medium:1.92%;--awb-width-small:100%;--awb-spacing-right-small:1.92%;--awb-spacing-left-small:1.92%;\"><div class=\"fusion-column-wrapper fusion-flex-justify-content-flex-start fusion-content-layout-column\"><div class=\"fusion-title title fusion-title-1 fusion-sep-none fusion-title-text fusion-title-size-two\" style=\"--awb-text-color:var(--awb-color1);--awb-margin-top-small:0px;--awb-margin-right-small:0px;--awb-margin-bottom-small:20px;--awb-margin-left-small:0px;\"><h2 class=\"fusion-title-heading title-heading-left fusion-responsive-typography-calculated\" style=\"margin:0;text-transform:capitalize;--fontSize:48;line-height:var(--awb-typography1-line-height);\">BETONARME \u0130\u015eLER<\/h2><\/div><div class=\"fusion-text fusion-text-1\" style=\"--awb-text-color:var(--awb-color1);\"><p><strong>Betonarme \u0130\u015fler: G\u00fc\u00e7l\u00fc Temeller, Sa\u011flam Yap\u0131lar<\/strong><\/p>\n<p>Betonarme i\u015fleri, in\u015faat sekt\u00f6r\u00fcn\u00fcn temel ta\u015flar\u0131ndan biridir. G\u00fc\u00e7l\u00fc ve dayan\u0131kl\u0131 yap\u0131lar\u0131n olu\u015fturulmas\u0131nda \u00f6nemli bir rol oynayan bu i\u015fler, modern yap\u0131lar\u0131n temelini olu\u015fturur ve sa\u011flam bir altyap\u0131 sa\u011flar.<\/p>\n<\/div><div class=\"fusion-separator fusion-full-width-sep\" style=\"align-self: center;margin-left: auto;margin-right: auto;margin-top:20px;width:100%;\"><\/div><div ><a class=\"fusion-button button-flat button-xlarge button-default fusion-button-default button-1 fusion-button-default-span fusion-button-default-type\" target=\"_self\" href=\"https:\/\/douyapi.com\/index.php\/contact\/\"><span class=\"fusion-button-text awb-button__text awb-button__text--default\">B\u0130LG\u0130 \u0130\u00c7\u0130N ARAYINIZ.<\/span><\/a><\/div><\/div><\/div><\/div><\/div><div class=\"fusion-fullwidth fullwidth-box fusion-builder-row-2 fusion-flex-container nonhundred-percent-fullwidth non-hundred-percent-height-scrolling\" style=\"--awb-background-position:left top;--awb-border-sizes-top:0px;--awb-border-sizes-bottom:0px;--awb-border-sizes-left:0px;--awb-border-sizes-right:0px;--awb-border-radius-top-left:0px;--awb-border-radius-top-right:0px;--awb-border-radius-bottom-right:0px;--awb-border-radius-bottom-left:0px;--awb-padding-top:130px;--awb-padding-bottom:130px;--awb-flex-wrap:wrap;\" ><div class=\"fusion-builder-row fusion-row fusion-flex-align-items-flex-start fusion-flex-content-wrap\" style=\"max-width:1216.8px;margin-left: calc(-4% \/ 2 );margin-right: calc(-4% \/ 2 );\"><div class=\"fusion-layout-column fusion_builder_column fusion-builder-column-1 fusion_builder_column_2_3 2_3 fusion-flex-column\" style=\"--awb-bg-size:cover;--awb-width-large:66.666666666667%;--awb-margin-top-large:0px;--awb-spacing-right-large:3.84%;--awb-margin-bottom-large:20px;--awb-spacing-left-large:2.88%;--awb-width-medium:100%;--awb-spacing-right-medium:1.92%;--awb-spacing-left-medium:1.92%;--awb-width-small:100%;--awb-spacing-right-small:1.92%;--awb-spacing-left-small:1.92%;\"><div class=\"fusion-column-wrapper fusion-flex-justify-content-flex-start fusion-content-layout-column\"><div class=\"fusion-title title fusion-title-2 fusion-sep-none fusion-title-text fusion-title-size-two\" style=\"--awb-margin-bottom:50px;--awb-margin-top-small:0px;--awb-margin-right-small:0px;--awb-margin-bottom-small:20px;--awb-margin-left-small:0px;\"><h2 class=\"fusion-title-heading title-heading-left fusion-responsive-typography-calculated\" style=\"margin:0;text-transform:capitalize;--fontSize:48;line-height:var(--awb-typography1-line-height);\"><strong>Betonarme \u0130\u015fler: G\u00fc\u00e7l\u00fc Temeller, Sa\u011flam Yap\u0131lar<\/strong><\/h2><\/div><div class=\"fusion-separator\" style=\"align-self: flex-start;margin-right:auto;margin-top:0px;margin-bottom:40px;width:100%;max-width:170px;\"><div class=\"fusion-separator-border sep-single sep-solid\" style=\"--awb-height:20px;--awb-amount:20px;--awb-sep-color:var(--awb-color3);border-color:var(--awb-color3);border-top-width:3px;\"><\/div><\/div><div class=\"fusion-text fusion-text-2\" style=\"--awb-font-size:var(--awb-typography2-font-size);--awb-line-height:var(--awb-typography2-line-height);--awb-letter-spacing:var(--awb-typography2-letter-spacing);--awb-text-transform:var(--awb-typography2-text-transform);--awb-text-font-family:var(--awb-typography2-font-family);--awb-text-font-weight:var(--awb-typography2-font-weight);--awb-text-font-style:var(--awb-typography2-font-style);\"><p>Biz, betonarme i\u015flerinde uzmanla\u015fm\u0131\u015f bir ekip olarak, yap\u0131lar\u0131n\u0131z i\u00e7in sa\u011flam temeller atman\u0131za yard\u0131mc\u0131 olmaktan memnuniyet duyar\u0131z. Size ve projenize uygun \u00e7\u00f6z\u00fcmler sunmak i\u00e7in buraday\u0131z.<\/p>\n<\/div><div class=\"fusion-text fusion-text-3\"><p>Betonarme i\u015fleri, \u00e7e\u015fitli yap\u0131lar\u0131n in\u015fas\u0131nda kullan\u0131l\u0131r. Konut binalar\u0131, ticari kompleksler, end\u00fcstriyel tesisler, k\u00f6pr\u00fcler ve altyap\u0131 projeleri gibi \u00e7e\u015fitli yap\u0131lar\u0131n in\u015fas\u0131nda betonarme teknikleri b\u00fcy\u00fck \u00f6nem ta\u015f\u0131r. Betonarme, \u00e7elik donat\u0131larla g\u00fc\u00e7lendirilmi\u015f betonun kullan\u0131lmas\u0131yla olu\u015fturulan bir yap\u0131 malzemesidir ve y\u00fcksek dayan\u0131kl\u0131l\u0131k ve uzun \u00f6m\u00fcr sunar.<\/p>\n<p>Betonarme i\u015fleri, titiz planlama, uzman tasar\u0131m ve kaliteli malzeme kullan\u0131m\u0131 gerektirir. Do\u011fru bir betonarme i\u015fi, binan\u0131n g\u00fcvenli\u011fini, dayan\u0131kl\u0131l\u0131\u011f\u0131n\u0131 ve uzun \u00f6m\u00fcrl\u00fcl\u00fc\u011f\u00fcn\u00fc sa\u011flar. Profesyonel bir ekip ve deneyimli ustalar taraf\u0131ndan ger\u00e7ekle\u015ftirilen betonarme i\u015fleri, yap\u0131lar\u0131n gelecekteki zorluklara kar\u015f\u0131 diren\u00e7li olmas\u0131n\u0131 sa\u011flar.<\/p>\n<p>Betonarme i\u015fleri, in\u015faat projelerinin ba\u015far\u0131l\u0131 bir \u015fekilde tamamlanmas\u0131 i\u00e7in kilit bir unsurdur. Do\u011fru bir betonarme i\u015fi, m\u00fchendislik standartlar\u0131na ve yerel y\u00f6netmeliklere uygun olarak ger\u00e7ekle\u015ftirilmelidir. Ayr\u0131ca, \u00e7evre ko\u015fullar\u0131 ve projenin gereksinimleri g\u00f6z \u00f6n\u00fcnde bulundurularak \u00f6zenle planlanmal\u0131d\u0131r.<\/p>\n<p>E\u011fer sa\u011flam ve dayan\u0131kl\u0131 bir yap\u0131 in\u015fa etmek istiyorsan\u0131z, betonarme i\u015fleri konusunda uzmanla\u015fm\u0131\u015f bir ekiple \u00e7al\u0131\u015fman\u0131z \u00f6nemlidir. G\u00fcvenilir bir betonarme i\u015fi i\u00e7in do\u011fru tercih, yap\u0131 projenizin ba\u015far\u0131l\u0131 bir \u015fekilde tamamlanmas\u0131n\u0131 sa\u011flayacakt\u0131r.<\/p>\n<\/div><\/div><\/div><div class=\"fusion-layout-column fusion_builder_column fusion-builder-column-2 fusion_builder_column_1_3 1_3 fusion-flex-column\" style=\"--awb-bg-size:cover;--awb-width-large:33.333333333333%;--awb-margin-top-large:0px;--awb-spacing-right-large:5.76%;--awb-margin-bottom-large:20px;--awb-spacing-left-large:3.84%;--awb-width-medium:100%;--awb-spacing-right-medium:1.92%;--awb-spacing-left-medium:1.92%;--awb-width-small:100%;--awb-spacing-right-small:1.92%;--awb-spacing-left-small:1.92%;\"><div class=\"fusion-column-wrapper fusion-flex-justify-content-flex-start fusion-content-layout-column\"><div class=\"fusion-image-element \" style=\"--awb-caption-title-font-family:var(--h2_typography-font-family);--awb-caption-title-font-weight:var(--h2_typography-font-weight);--awb-caption-title-font-style:var(--h2_typography-font-style);--awb-caption-title-size:var(--h2_typography-font-size);--awb-caption-title-transform:var(--h2_typography-text-transform);--awb-caption-title-line-height:var(--h2_typography-line-height);--awb-caption-title-letter-spacing:var(--h2_typography-letter-spacing);\"><span class=\" fusion-imageframe imageframe-none imageframe-1 hover-type-zoomin fusion-animated\" data-animationType=\"fadeInDown\" data-animationDuration=\"1\" data-animationOffset=\"top-into-view\"><a href=\"https:\/\/douyapi.com\/wp-content\/uploads\/2015\/06\/architecture_1.jpg\" class=\"fusion-lightbox\" data-rel=\"iLightbox[b211812e0f18d7ec981]\" data-title=\"architecture_1\" title=\"architecture_1\"><img decoding=\"async\" width=\"750\" height=\"1097\" src=\"data:image\/svg+xml,%3Csvg%20xmlns%3D%27http%3A%2F%2Fwww.w3.org%2F2000%2Fsvg%27%20width%3D%27750%27%20height%3D%271097%27%20viewBox%3D%270%200%20750%201097%27%3E%3Crect%20width%3D%27750%27%20height%3D%271097%27%20fill-opacity%3D%220%22%2F%3E%3C%2Fsvg%3E\" data-orig-src=\"https:\/\/douyapi.com\/wp-content\/uploads\/2015\/06\/architecture_1.jpg\" alt class=\"lazyload img-responsive wp-image-572\"\/><\/a><\/span><\/div><\/div><\/div><\/div><\/div><\/p>\n","protected":false},"excerpt":{"rendered":"","protected":false},"author":1,"featured_media":0,"parent":0,"menu_order":0,"comment_status":"closed","ping_status":"closed","template":"100-width.php","meta":{"footnotes":""},"class_list":["post-555","page","type-page","status-publish","hentry"],"_links":{"self":[{"href":"https:\/\/douyapi.com\/index.php\/wp-json\/wp\/v2\/pages\/555","targetHints":{"allow":["GET"]}}],"collection":[{"href":"https:\/\/douyapi.com\/index.php\/wp-json\/wp\/v2\/pages"}],"about":[{"href":"https:\/\/douyapi.com\/index.php\/wp-json\/wp\/v2\/types\/page"}],"author":[{"embeddable":true,"href":"https:\/\/douyapi.com\/index.php\/wp-json\/wp\/v2\/users\/1"}],"replies":[{"embeddable":true,"href":"https:\/\/douyapi.com\/index.php\/wp-json\/wp\/v2\/comments?post=555"}],"version-history":[{"count":4,"href":"https:\/\/douyapi.com\/index.php\/wp-json\/wp\/v2\/pages\/555\/revisions"}],"predecessor-version":[{"id":1038,"href":"https:\/\/douyapi.com\/index.php\/wp-json\/wp\/v2\/pages\/555\/revisions\/1038"}],"wp:attachment":[{"href":"https:\/\/douyapi.com\/index.php\/wp-json\/wp\/v2\/media?parent=555"}],"curies":[{"name":"wp","href":"https:\/\/api.w.org\/{rel}","templated":true}]}}